{"id":67,"date":"2018-02-18T10:21:32","date_gmt":"2018-02-18T13:21:32","guid":{"rendered":"http:\/\/demo.zantetheme.com\/?page_id=67"},"modified":"2026-01-23T14:50:49","modified_gmt":"2026-01-23T17:50:49","slug":"inicio","status":"publish","type":"page","link":"https:\/\/sescpiaui.com.br\/hoteis\/","title":{"rendered":"Inicio"},"content":{"rendered":"<p>[vc_row][vc_column][rev_slider_vc alias=&#8221;slide-com-os-dois-hoteis-11&#8243; el_class=&#8221;color-overlay-slider&#8221;][\/vc_column][\/vc_row][vc_row full_width=&#8221;stretch_row&#8221; css=&#8221;.vc_custom_1532251525354{border-bottom-width: 1px !important;padding-top: 100px !important;padding-bottom: 100px !important;border-bottom-color: #f2f2f2 !important;border-bottom-style: solid !important;}&#8221;][vc_column]\t\t\t<div\r\n\t\t\t\tclass=\"main_title  text-center  mt_wave\">\r\n\t\t\t\t<h2 class=\"title\">Os Hot\u00e9is do Sesc no Piau\u00ed<\/h2>\r\n\t\t\t\t\t\t\t\t\t<p class=\"main_description\">Seja bem-vindo! Voc\u00ea merece viver experi\u00eancias inesquec\u00edveis em nossos hot\u00e9is. Seja a passeio ou a trabalho, o Sesc Praia e o Sesc Oeiras te convidam a desfrutar de ampla infraestrutura de hospedagem em confort\u00e1veis acomoda\u00e7\u00f5es e com o apoio de profissionais competentes. Vem ser feliz com a gente!<\/p>\r\n\t\t\t\t\t\t\t<\/div>\r\n\t\t[\/vc_column][vc_column width=&#8221;1\/2&#8243;]\t\t\t<div\r\n\t\t\t\tclass=\"main_title  text-center  mt_wave\">\r\n\t\t\t\t<h2 class=\"title\">Sesc Oeiras<\/h2>\r\n\t\t\t\t\t\t\t<\/div>\r\n\t\t\r\n        <div class=\"image-3d-effect\">\r\n          <div class=\"side left\"><\/div>\r\n          <div class=\"side right\"><\/div>\r\n          <div class=\"images\">\r\n                        <div class=\"front-image\" style=\"background-image: url(https:\/\/sescpiaui.com.br\/hoteis\/wp-content\/uploads\/2021\/12\/SC_2102-Sesc-Oeiras-scaled.jpg)\"><\/div>\r\n                                  <\/div>\r\n        <\/div>\r\n\r\n\r\n\r\n        [vc_empty_space]\r\n        \r\n        <style>\r\n\t\t\t\t#btn-container-0bfHb {\r\n\t\t\t\t\tfont-size: 15px;\r\n\t\t\t\t\tfont-weight: bold;\r\n\t\t\t\t}\r\n        #btn-0bfHb {\r\n        \tbackground: #1e73be;\r\n\t\t\t\t\tborder-style: solid;\r\n        \tborder-color: #1e73be;\r\n\t\t\t\t\tborder-width: 2px;\r\n        \tcolor: #ffffff;\r\n\t\t\t\t\tpadding: 10px 20px;\r\n\t\t\t\t\tborder-radius: 2px;\r\n\t\t\t\t\tfont-size: 15px;\r\n\t\t\t\t\tline-height: 15px;\r\n\t\t\t\t\t\t\t\t\t\t\t\t\t\t\tfont-weight: bold;\r\n        }\r\n\r\n\t\t\t\t#btn-0bfHb:hover {\r\n\t\t\t\t\tbackground: #2c88c0;\r\n\t\t\t\t\tborder-color: #2c88c0;\r\n\t\t\t\t\tcolor: #ffffff;\r\n\t\t\t\t\t\t\t\t\t\t\t\t\t\t\t\r\n\t\t\t\t}\r\n\r\n\t\t    #btn-0bfHb i {\r\n\t\t\t\t\tright: 14px;\r\n\t\t\t\t\tmargin-top: 0;\r\n\t\t\t\t\tvertical-align: middle;\r\n\t\t\t\t\tborder-radius: 50%;\r\n\t\t\t\t\tline-height: 20px;\r\n\t\t\t\t\theight: 20px;\r\n\t\t\t\t\twidth: 20px;\r\n\t\t\t\t\tbackground: #1dc1f8;\r\n\t\t\t\t\tmargin-left: 8px;\r\n\t\t\t\t\tmargin-right: 0;\r\n\t\t\t\t\tcolor: #ffffff;\r\n\t\t\t\t\tfont-size: 8px;\r\n\t\t\t\t\ttext-align: center;\r\n\t\t\t\t}\r\n\r\n\t\t\t\t #btn-0bfHb:hover i {\r\n\t\t\t\t \tbackground: #ffffff;\r\n\t\t\t\t\tcolor: #1dc1f8;\r\n\t\t\t\t }\r\n\r\n        <\/style>\r\n\r\n\t\t<!-- BUTTON -->\r\n        <div id=\"btn-container-0bfHb\" class=\"text-center\">\r\n\t\t\t\r\n\t\t\t\t\t<a href=\"http:\/\/sescpiaui.com.br\/hoteis\/index.php\/sesc-oeiras\/\" id=\"btn-0bfHb\" class=\"btn \" target=\"_self\">\r\n\t\t\t\t\t\tSaiba Mais Sesc Oeiras\t\t\t\t\t\t\t\t\t\t\t<\/a>\r\n\t\t\t\t\t        <\/div>\r\n\r\n        [\/vc_column][vc_column width=&#8221;1\/2&#8243; css=&#8221;.vc_custom_1638799852809{padding-top: 0px !important;padding-right: 0px !important;padding-bottom: 0px !important;padding-left: 0px !important;}&#8221;]\t\t\t<div\r\n\t\t\t\tclass=\"main_title  text-center  mt_wave\">\r\n\t\t\t\t<h2 class=\"title\">Sesc Praia<\/h2>\r\n\t\t\t\t\t\t\t<\/div>\r\n\t\t\r\n        <div class=\"image-3d-effect\">\r\n          <div class=\"side left\"><\/div>\r\n          <div class=\"side right\"><\/div>\r\n          <div class=\"images\">\r\n                        <div class=\"front-image\" style=\"background-image: url(https:\/\/sescpiaui.com.br\/hoteis\/wp-content\/uploads\/2021\/12\/IMG_8976-scaled.jpg)\"><\/div>\r\n                                  <\/div>\r\n        <\/div>\r\n\r\n\r\n\r\n        [vc_empty_space]\r\n        \r\n        <style>\r\n\t\t\t\t#btn-container-jrteU {\r\n\t\t\t\t\tfont-size: 15px;\r\n\t\t\t\t\tfont-weight: bold;\r\n\t\t\t\t}\r\n        #btn-jrteU {\r\n        \tbackground: #1e73be;\r\n\t\t\t\t\tborder-style: solid;\r\n        \tborder-color: #1e73be;\r\n\t\t\t\t\tborder-width: 2px;\r\n        \tcolor: #ffffff;\r\n\t\t\t\t\tpadding: 10px 20px;\r\n\t\t\t\t\tborder-radius: 2px;\r\n\t\t\t\t\tfont-size: 15px;\r\n\t\t\t\t\tline-height: 15px;\r\n\t\t\t\t\t\t\t\t\t\t\t\t\t\t\tfont-weight: bold;\r\n        }\r\n\r\n\t\t\t\t#btn-jrteU:hover {\r\n\t\t\t\t\tbackground: #2c88c0;\r\n\t\t\t\t\tborder-color: #2c88c0;\r\n\t\t\t\t\tcolor: #ffffff;\r\n\t\t\t\t\t\t\t\t\t\t\t\t\t\t\t\r\n\t\t\t\t}\r\n\r\n\t\t    #btn-jrteU i {\r\n\t\t\t\t\tright: 14px;\r\n\t\t\t\t\tmargin-top: 0;\r\n\t\t\t\t\tvertical-align: middle;\r\n\t\t\t\t\tborder-radius: 50%;\r\n\t\t\t\t\tline-height: 20px;\r\n\t\t\t\t\theight: 20px;\r\n\t\t\t\t\twidth: 20px;\r\n\t\t\t\t\tbackground: #1dc1f8;\r\n\t\t\t\t\tmargin-left: 8px;\r\n\t\t\t\t\tmargin-right: 0;\r\n\t\t\t\t\tcolor: #ffffff;\r\n\t\t\t\t\tfont-size: 8px;\r\n\t\t\t\t\ttext-align: center;\r\n\t\t\t\t}\r\n\r\n\t\t\t\t #btn-jrteU:hover i {\r\n\t\t\t\t \tbackground: #ffffff;\r\n\t\t\t\t\tcolor: #1dc1f8;\r\n\t\t\t\t }\r\n\r\n        <\/style>\r\n\r\n\t\t<!-- BUTTON -->\r\n        <div id=\"btn-container-jrteU\" class=\"text-center\">\r\n\t\t\t\r\n\t\t\t\t\t<a href=\"http:\/\/sescpiaui.com.br\/hoteis\/index.php\/sesc-praia\/\" id=\"btn-jrteU\" class=\"btn \" target=\"_self\">\r\n\t\t\t\t\t\tSaiba mais Sesc Praia\t\t\t\t\t\t\t\t\t\t\t<\/a>\r\n\t\t\t\t\t        <\/div>\r\n\r\n        [\/vc_column][\/vc_row][vc_row][vc_column][\/vc_column][\/vc_row]<\/p>\n","protected":false},"excerpt":{"rendered":"<p>[vc_row][vc_column][rev_slider_vc alias=&#8221;slide-com-os-dois-hoteis-11&#8243; el_class=&#8221;color-overlay-slider&#8221;][\/vc_column][\/vc_row][vc_row full_width=&#8221;stretch_row&#8221; css=&#8221;.vc_custom_1532251525354{border-bottom-width: 1px !important;padding-top: 100px !important;padding-bottom: 100px !important;border-bottom-color: #f2f2f2 !important;border-bottom-style: solid !important;}&#8221;][vc_column][\/vc_column][vc_column width=&#8221;1\/2&#8243;][vc_empty_space][\/vc_column][vc_column width=&#8221;1\/2&#8243; css=&#8221;.vc_custom_1638799852809{padding-top: 0px !important;padding-right: 0px !important;padding-bottom: 0px !important;padding-left: 0px !important;}&#8221;][vc_empty_space][\/vc_column][\/vc_row][vc_row][vc_column][\/vc_column][\/vc_row]<\/p>\n","protected":false},"author":4,"featured_media":0,"parent":0,"menu_order":0,"comment_status":"closed","ping_status":"closed","template":"","meta":[],"_links":{"self":[{"href":"https:\/\/sescpiaui.com.br\/hoteis\/wp-json\/wp\/v2\/pages\/67"}],"collection":[{"href":"https:\/\/sescpiaui.com.br\/hoteis\/wp-json\/wp\/v2\/pages"}],"about":[{"href":"https:\/\/sescpiaui.com.br\/hoteis\/wp-json\/wp\/v2\/types\/page"}],"author":[{"embeddable":true,"href":"https:\/\/sescpiaui.com.br\/hoteis\/wp-json\/wp\/v2\/users\/4"}],"replies":[{"embeddable":true,"href":"https:\/\/sescpiaui.com.br\/hoteis\/wp-json\/wp\/v2\/comments?post=67"}],"version-history":[{"count":43,"href":"https:\/\/sescpiaui.com.br\/hoteis\/wp-json\/wp\/v2\/pages\/67\/revisions"}],"predecessor-version":[{"id":3413,"href":"https:\/\/sescpiaui.com.br\/hoteis\/wp-json\/wp\/v2\/pages\/67\/revisions\/3413"}],"wp:attachment":[{"href":"https:\/\/sescpiaui.com.br\/hoteis\/wp-json\/wp\/v2\/media?parent=67"}],"curies":[{"name":"wp","href":"https:\/\/api.w.org\/{rel}","templated":true}]}}