{"id":2866,"date":"2022-05-09T08:58:09","date_gmt":"2022-05-09T11:58:09","guid":{"rendered":"http:\/\/sescpiaui.com.br\/hoteis\/index.php\/ambientes-sesc-praia-copy\/"},"modified":"2022-05-13T16:00:21","modified_gmt":"2022-05-13T19:00:21","slug":"ambientes-sesc-oeiras","status":"publish","type":"page","link":"http:\/\/sescpiaui.com.br\/hoteis\/ambientes-sesc-oeiras\/","title":{"rendered":"Ambientes Sesc Oeiras"},"content":{"rendered":"<p>[vc_row][vc_column][rev_slider_vc alias=&#8221;servicos-1&#8243;][\/vc_column][\/vc_row][vc_row full_width=&#8221;stretch_row&#8221; css=&#8221;.vc_custom_1531852688581{border-top-width: 1px !important;padding-top: 100px !important;padding-bottom: 70px !important;background-color: #f1f0ed !important;border-top-color: #ebeae9 !important;border-top-style: solid !important;}&#8221;][vc_column width=&#8221;1\/2&#8243;]\r\n        <div class=\"image-3d-effect\">\r\n          <div class=\"side left\"><\/div>\r\n          <div class=\"side right\"><\/div>\r\n          <div class=\"images\">\r\n                        <div class=\"front-image\" style=\"background-image: url(http:\/\/sescpiaui.com.br\/hoteis\/wp-content\/uploads\/2018\/04\/DSC7819-scaled.jpg)\"><\/div>\r\n                                    <div class=\"back-image\" style=\"background-image: url(http:\/\/sescpiaui.com.br\/hoteis\/wp-content\/uploads\/2021\/12\/Sesc-Oeiras-3-scaled.jpg)\"><\/div>\r\n                      <\/div>\r\n        <\/div>\r\n\r\n\r\n\r\n        [\/vc_column][vc_column width=&#8221;1\/2&#8243;]\t\t\t<div\r\n\t\t\t\tclass=\"main_title  text-right  mt_wave\">\r\n\t\t\t\t<h2 class=\"title\">Parque aqu\u00e1tico<\/h2>\r\n\t\t\t\t\t\t\t\t\t<p class=\"main_description\">O Parque Aqu\u00e1tico do Sesc Oeiras \u00e9 o maior atrativo do hotel e tamb\u00e9m o mais visitado da regi\u00e3o. Com programa\u00e7\u00f5es especiais nos finais de semana, o Parque Aqu\u00e1tico conta com piscinas adulto e infantil com 2 tobo\u00e1guas. Colecione momentos inesquec\u00edveis com sua fam\u00edlia e amigos. Divirta-se com a gente!<\/p>\r\n\t\t\t\t\t\t\t<\/div>\r\n\t\t[\/vc_column][\/vc_row][vc_row full_width=&#8221;stretch_row&#8221; css=&#8221;.vc_custom_1531852688581{border-top-width: 1px !important;padding-top: 100px !important;padding-bottom: 70px !important;background-color: #f1f0ed !important;border-top-color: #ebeae9 !important;border-top-style: solid !important;}&#8221;][vc_column width=&#8221;1\/2&#8243;]\t\t\t<div\r\n\t\t\t\tclass=\"main_title  text-right  mt_wave\">\r\n\t\t\t\t<h2 class=\"title\">Centro Esportivo<\/h2>\r\n\t\t\t\t\t\t\t\t\t<p class=\"main_description\">O Sesc Oeiras conta com moderno Centro Esportivo com campo de futebol e quadra de futsal e v\u00f4lei pra voc\u00ea.<\/p>\r\n\t\t\t\t\t\t\t<\/div>\r\n\t\t[\/vc_column][vc_column width=&#8221;1\/2&#8243;]\r\n        <div class=\"image-3d-effect\">\r\n          <div class=\"side left\"><\/div>\r\n          <div class=\"side right\"><\/div>\r\n          <div class=\"images\">\r\n                        <div class=\"front-image\" style=\"background-image: url(http:\/\/sescpiaui.com.br\/hoteis\/wp-content\/uploads\/2021\/12\/SC_2250-Sesc-Oeiras-1-scaled.jpg)\"><\/div>\r\n                                    <div class=\"back-image\" style=\"background-image: url(http:\/\/sescpiaui.com.br\/hoteis\/wp-content\/uploads\/2021\/12\/Sesc-Oeiras_SC_2449-scaled.jpg)\"><\/div>\r\n                      <\/div>\r\n        <\/div>\r\n\r\n\r\n\r\n        [\/vc_column][\/vc_row][vc_row full_width=&#8221;stretch_row&#8221; css=&#8221;.vc_custom_1531852688581{border-top-width: 1px !important;padding-top: 100px !important;padding-bottom: 70px !important;background-color: #f1f0ed !important;border-top-color: #ebeae9 !important;border-top-style: solid !important;}&#8221;][vc_column][vc_row_inner][vc_column_inner][\/vc_column_inner][\/vc_row_inner][\/vc_column][\/vc_row]<\/p>\n","protected":false},"excerpt":{"rendered":"<p>[vc_row][vc_column][rev_slider_vc alias=&#8221;servicos-1&#8243;][\/vc_column][\/vc_row][vc_row full_width=&#8221;stretch_row&#8221; css=&#8221;.vc_custom_1531852688581{border-top-width: 1px !important;padding-top: 100px !important;padding-bottom: 70px !important;background-color: #f1f0ed !important;border-top-color: #ebeae9 !important;border-top-style: solid !important;}&#8221;][vc_column width=&#8221;1\/2&#8243;][\/vc_column][vc_column width=&#8221;1\/2&#8243;][\/vc_column][\/vc_row][vc_row full_width=&#8221;stretch_row&#8221; css=&#8221;.vc_custom_1531852688581{border-top-width: 1px !important;padding-top: 100px !important;padding-bottom: 70px !important;background-color: #f1f0ed !important;border-top-color: #ebeae9 !important;border-top-style: solid !important;}&#8221;][vc_column width=&#8221;1\/2&#8243;][\/vc_column][vc_column width=&#8221;1\/2&#8243;][\/vc_column][\/vc_row][vc_row full_width=&#8221;stretch_row&#8221; css=&#8221;.vc_custom_1531852688581{border-top-width: 1px !important;padding-top: 100px !important;padding-bottom: 70px !important;background-color: #f1f0ed !important;border-top-color: #ebeae9 !important;border-top-style: solid !important;}&#8221;][vc_column][vc_row_inner][vc_column_inner][\/vc_column_inner][\/vc_row_inner][\/vc_column][\/vc_row]<\/p>\n","protected":false},"author":4,"featured_media":0,"parent":0,"menu_order":0,"comment_status":"closed","ping_status":"closed","template":"","meta":[],"_links":{"self":[{"href":"http:\/\/sescpiaui.com.br\/hoteis\/wp-json\/wp\/v2\/pages\/2866"}],"collection":[{"href":"http:\/\/sescpiaui.com.br\/hoteis\/wp-json\/wp\/v2\/pages"}],"about":[{"href":"http:\/\/sescpiaui.com.br\/hoteis\/wp-json\/wp\/v2\/types\/page"}],"author":[{"embeddable":true,"href":"http:\/\/sescpiaui.com.br\/hoteis\/wp-json\/wp\/v2\/users\/4"}],"replies":[{"embeddable":true,"href":"http:\/\/sescpiaui.com.br\/hoteis\/wp-json\/wp\/v2\/comments?post=2866"}],"version-history":[{"count":11,"href":"http:\/\/sescpiaui.com.br\/hoteis\/wp-json\/wp\/v2\/pages\/2866\/revisions"}],"predecessor-version":[{"id":2927,"href":"http:\/\/sescpiaui.com.br\/hoteis\/wp-json\/wp\/v2\/pages\/2866\/revisions\/2927"}],"wp:attachment":[{"href":"http:\/\/sescpiaui.com.br\/hoteis\/wp-json\/wp\/v2\/media?parent=2866"}],"curies":[{"name":"wp","href":"https:\/\/api.w.org\/{rel}","templated":true}]}}