{"id":2679,"date":"2021-12-15T13:38:37","date_gmt":"2021-12-15T16:38:37","guid":{"rendered":"http:\/\/sescpiaui.com.br\/hoteis\/index.php\/tarifario-praia-copy\/"},"modified":"2025-11-13T08:36:37","modified_gmt":"2025-11-13T11:36:37","slug":"tarifario-oeiras","status":"publish","type":"page","link":"http:\/\/sescpiaui.com.br\/hoteis\/tarifario-oeiras\/","title":{"rendered":"Tarif\u00e1rio Oeiras"},"content":{"rendered":"<p>[vc_row][vc_column][vc_empty_space height=&#8221;100&#8243;][vc_empty_space height=&#8221;100&#8243;][\/vc_column][\/vc_row][vc_row][vc_column]\t\t\t<div\r\n\t\t\t\tclass=\"main_title  text-center  \">\r\n\t\t\t\t<h2 class=\"title\">TARIF\u00c1RIO - SESC OEIRAS<\/h2>\r\n\t\t\t\t\t\t\t\t\t<p class=\"main_description\">Conhe\u00e7a as tarifas das nossas acomoda\u00e7\u00f5es<\/p>\r\n\t\t\t\t\t\t\t<\/div>\r\n\t\t[\/vc_column][vc_column][vc_text_separator title=&#8221;Tarif\u00e1rios de 2026&#8243;][vc_single_image image=&#8221;3359&#8243; img_size=&#8221;full&#8221; onclick=&#8221;link_image&#8221;][vc_single_image image=&#8221;3371&#8243; img_size=&#8221;full&#8221; onclick=&#8221;link_image&#8221;][vc_single_image image=&#8221;3355&#8243; img_size=&#8221;full&#8221; onclick=&#8221;link_image&#8221;][vc_text_separator title=&#8221;Tarif\u00e1rios de 2025&#8243;][vc_single_image image=&#8221;3281&#8243; img_size=&#8221;full&#8221; onclick=&#8221;link_image&#8221;][\/vc_column][\/vc_row][vc_row][vc_column][vc_empty_space height=&#8221;100&#8243;][\/vc_column][\/vc_row]<\/p>\n","protected":false},"excerpt":{"rendered":"<p>[vc_row][vc_column][vc_empty_space height=&#8221;100&#8243;][vc_empty_space height=&#8221;100&#8243;][\/vc_column][\/vc_row][vc_row][vc_column][\/vc_column][vc_column][vc_text_separator title=&#8221;Tarif\u00e1rios de 2026&#8243;][vc_single_image image=&#8221;3359&#8243; img_size=&#8221;full&#8221; onclick=&#8221;link_image&#8221;][vc_single_image image=&#8221;3371&#8243; img_size=&#8221;full&#8221; onclick=&#8221;link_image&#8221;][vc_single_image image=&#8221;3355&#8243; img_size=&#8221;full&#8221; onclick=&#8221;link_image&#8221;][vc_text_separator title=&#8221;Tarif\u00e1rios de 2025&#8243;][vc_single_image image=&#8221;3281&#8243; img_size=&#8221;full&#8221; onclick=&#8221;link_image&#8221;][\/vc_column][\/vc_row][vc_row][vc_column][vc_empty_space height=&#8221;100&#8243;][\/vc_column][\/vc_row]<\/p>\n","protected":false},"author":4,"featured_media":0,"parent":0,"menu_order":0,"comment_status":"closed","ping_status":"closed","template":"","meta":[],"_links":{"self":[{"href":"http:\/\/sescpiaui.com.br\/hoteis\/wp-json\/wp\/v2\/pages\/2679"}],"collection":[{"href":"http:\/\/sescpiaui.com.br\/hoteis\/wp-json\/wp\/v2\/pages"}],"about":[{"href":"http:\/\/sescpiaui.com.br\/hoteis\/wp-json\/wp\/v2\/types\/page"}],"author":[{"embeddable":true,"href":"http:\/\/sescpiaui.com.br\/hoteis\/wp-json\/wp\/v2\/users\/4"}],"replies":[{"embeddable":true,"href":"http:\/\/sescpiaui.com.br\/hoteis\/wp-json\/wp\/v2\/comments?post=2679"}],"version-history":[{"count":33,"href":"http:\/\/sescpiaui.com.br\/hoteis\/wp-json\/wp\/v2\/pages\/2679\/revisions"}],"predecessor-version":[{"id":3380,"href":"http:\/\/sescpiaui.com.br\/hoteis\/wp-json\/wp\/v2\/pages\/2679\/revisions\/3380"}],"wp:attachment":[{"href":"http:\/\/sescpiaui.com.br\/hoteis\/wp-json\/wp\/v2\/media?parent=2679"}],"curies":[{"name":"wp","href":"https:\/\/api.w.org\/{rel}","templated":true}]}}