{"id":2543,"date":"2021-12-09T10:34:05","date_gmt":"2021-12-09T13:34:05","guid":{"rendered":"http:\/\/sescpiaui.com.br\/hoteis\/index.php\/sesc-oeiras-copy\/"},"modified":"2022-05-16T15:36:03","modified_gmt":"2022-05-16T18:36:03","slug":"o-hotel-oeiras","status":"publish","type":"page","link":"http:\/\/sescpiaui.com.br\/hoteis\/o-hotel-oeiras\/","title":{"rendered":"O Hotel Oeiras"},"content":{"rendered":"<p>[vc_row][vc_column]\n\t\t\t<!-- START Slide  sobre o hotel  oeiras REVOLUTION SLIDER 6.5.7 --><p class=\"rs-p-wp-fix\"><\/p>\n\t\t\t<rs-module-wrap id=\"hero_wrapper\" data-source=\"gallery\" style=\"visibility:hidden;background:transparent;padding:0;margin:0px auto;margin-top:0;margin-bottom:0;\">\n\t\t\t\t<rs-module id=\"hero\" style=\"\" data-version=\"6.5.7\">\n\t\t\t\t\t<rs-slides>\n\t\t\t\t\t\t<rs-slide style=\"position: absolute;\" data-key=\"rs-34\" data-title=\"Slide\" data-anim=\"ms:760;\" data-in=\"o:0;\" data-out=\"a:false;\">\n\t\t\t\t\t\t\t<img src=\"\/\/sescpiaui.com.br\/hoteis\/wp-content\/plugins\/revslider\/public\/assets\/assets\/dummy.png\" title=\"Sesc Oeiras_SC_2161\" width=\"2560\" height=\"1706\" class=\"rev-slidebg tp-rs-img rs-lazyload\" data-lazyload=\"\/\/sescpiaui.com.br\/hoteis\/wp-content\/uploads\/2021\/12\/Sesc-Oeiras_SC_2161-1-scaled.jpg\" data-parallax=\"5\" data-no-retina>\n<!--\n\t\t\t\t\t\t\t--><rs-layer\n\t\t\t\t\t\t\t\tid=\"slider-26-slide-34-layer-1\" \n\t\t\t\t\t\t\t\tdata-type=\"text\"\n\t\t\t\t\t\t\t\tdata-rsp_ch=\"on\"\n\t\t\t\t\t\t\t\tdata-xy=\"x:l,l,c,c;xo:252px,252px,0,0;yo:294px,294px,189px,189px;\"\n\t\t\t\t\t\t\t\tdata-text=\"s:38,38,30,22;l:38,38,30,30;ls:1px,1px,0px,0px;fw:800,800,700,700;a:center,center,inherit,inherit;\"\n\t\t\t\t\t\t\t\tdata-frame_0=\"y:100%;\"\n\t\t\t\t\t\t\t\tdata-frame_0_mask=\"u:t;y:100%;\"\n\t\t\t\t\t\t\t\tdata-frame_1=\"e:power2.inOut;st:500;sp:1500;sR:500;\"\n\t\t\t\t\t\t\t\tdata-frame_1_mask=\"u:t;\"\n\t\t\t\t\t\t\t\tdata-frame_999=\"o:0;st:w;sR:7000;\"\n\t\t\t\t\t\t\t\tstyle=\"z-index:8;font-family:'Nunito';\"\n\t\t\t\t\t\t\t>BEM-VINDO AO HOTEL SESC OEIRAS <span id=\"text_rotating\"><\/span> \n\t\t\t\t\t\t\t<\/rs-layer><!--\n-->\t\t\t\t\t\t<\/rs-slide>\n\t\t\t\t\t<\/rs-slides>\n\t\t\t\t\t<rs-static-layers class=\"rs-stl-visible\"><!--\n\t\t\t\t\t--><\/rs-static-layers>\n\t\t\t\t<\/rs-module>\n\t\t\t\t<script type=\"text\/javascript\">\n\t\t\t\t\tsetREVStartSize({c: 'hero',rl:[1240,1024,778,480],el:[840,768,1000,1000],gw:[1170,1024,778,480],gh:[840,768,1000,1000],type:'hero',justify:'',layout:'fullwidth',mh:\"0\"});if (window.RS_MODULES!==undefined && window.RS_MODULES.modules!==undefined && window.RS_MODULES.modules[\"hero\"]!==undefined) {window.RS_MODULES.modules[\"hero\"].once = false;window.revapi26 = undefined;if (window.RS_MODULES.checkMinimal!==undefined) window.RS_MODULES.checkMinimal()}\n\t\t\t\t<\/script>\n\t\t\t<\/rs-module-wrap>\n\t\t\t<!-- END REVOLUTION SLIDER -->\n[\/vc_column][\/vc_row][vc_row full_width=&#8221;stretch_row&#8221; css=&#8221;.vc_custom_1531851570478{padding-top: 100px !important;padding-bottom: 70px !important;}&#8221;][vc_column]\t\t\t<div\r\n\t\t\t\tclass=\"main_title  text-center  \">\r\n\t\t\t\t<h2 class=\"title\">Sesc Oeiras<\/h2>\r\n\t\t\t\t\t\t\t<\/div>\r\n\t\t[vc_column_text]<img loading=\"lazy\" class=\" wp-image-2503 aligncenter\" src=\"http:\/\/sescpiaui.com.br\/hoteis\/wp-content\/uploads\/2021\/12\/Sesc-Oeiras_SC_2058-1-300x200.jpg\" alt=\"\" width=\"470\" height=\"314\" srcset=\"http:\/\/sescpiaui.com.br\/hoteis\/wp-content\/uploads\/2021\/12\/Sesc-Oeiras_SC_2058-1-300x200.jpg 300w, http:\/\/sescpiaui.com.br\/hoteis\/wp-content\/uploads\/2021\/12\/Sesc-Oeiras_SC_2058-1-1024x683.jpg 1024w, http:\/\/sescpiaui.com.br\/hoteis\/wp-content\/uploads\/2021\/12\/Sesc-Oeiras_SC_2058-1-768x512.jpg 768w, http:\/\/sescpiaui.com.br\/hoteis\/wp-content\/uploads\/2021\/12\/Sesc-Oeiras_SC_2058-1-80x53.jpg 80w, http:\/\/sescpiaui.com.br\/hoteis\/wp-content\/uploads\/2021\/12\/Sesc-Oeiras_SC_2058-1-1536x1024.jpg 1536w, http:\/\/sescpiaui.com.br\/hoteis\/wp-content\/uploads\/2021\/12\/Sesc-Oeiras_SC_2058-1-2048x1365.jpg 2048w\" sizes=\"(max-width: 470px) 100vw, 470px\" \/><\/p>\n<p>&nbsp;<\/p>\n<p style=\"text-align: left;\"><strong>Sesc Oeiras \u2013 Av. Transamaz\u00f4nica, 1600 \u2013 BR 230 \u2013 bairro V\u00e1rzea Oeiras (PI)<\/strong><\/p>\n<p>Localizado em regi\u00e3o privilegiada na Av. Transamaz\u00f4nica, h\u00e1 280 km de Teresina, o Centro de Turismo e Lazer \u2013 Sesc Oeiras fica a poucos quil\u00f4metros do centro da cidade.<\/p>\n<p>O hotel do Sesc no Sul do Piau\u00ed conta com estrutura de lazer, apartamentos modernos, que re\u00fanem qualidade e conforto, proporcionando estada agrad\u00e1vel e boa alimenta\u00e7\u00e3o. Para melhor experi\u00eancia dos seus h\u00f3spedes o hotel promove atividades l\u00fadico-recreativas que conjugam entretenimento, divers\u00e3o e bem estar, desfrutando de momentos agrad\u00e1veis e servi\u00e7os com padr\u00e3o de qualidade da rede de hot\u00e9is do Sesc.<\/p>\n<p>&nbsp;<\/p>\n<p style=\"text-align: left;\"><strong>Oeiras<\/strong><\/p>\n<p>Conhecida como a capital da f\u00e9, Oeiras ostenta o t\u00edtulo de patrim\u00f4nio hist\u00f3rico cultural brasileiro, que faz da cidade um importante destino hist\u00f3rico e religioso.<\/p>\n<p>Oeiras \u00e9 um ponto de peregrina\u00e7\u00e3o de fi\u00e9is em diversas datas religiosas. A tradicional Semana Santa &#8211; maior festa religiosa da regi\u00e3o &#8211; atrai pessoas de v\u00e1rias regi\u00f5es do Brasil. Dentre os pontos tur\u00edsticos mais visitados, o Morro do Leme, onde foi erguida uma est\u00e1tua em homenagem a Nossa Senhora da Vit\u00f3ria. Para chegar ao monumento os turistas t\u00eam subir uma enorme escadaria. Outro ponto tur\u00edstico bastante visitado \u00e9 o Morro da Cruz, que permite vis\u00e3o privilegiada da cidade; o P\u00e9 de Deus; a Casa da P\u00f3lvora e o Museu mais antigo do Piau\u00ed.<\/p>\n<p>A catedral de Nossa Senhora da Vit\u00f3ria \u00e9 outra atra\u00e7\u00e3o importante de Oeiras; a Igreja de Nossa Senhora do Ros\u00e1rio; o Cineteatro; dentre os in\u00fameros casar\u00f5es coloniais, ruas estreitas de paralelep\u00edpedos e pra\u00e7as com fontes luminosas integram os pontos que encantam os turistas que visitam a cidade, principalmente nas datas religiosas.[\/vc_column_text][\/vc_column][\/vc_row][vc_row full_width=&#8221;stretch_row_content_no_spaces&#8221;][vc_column]\t\t\t<div\r\n\t\t\t\tclass=\"main_title  text-center  mt_wave\">\r\n\t\t\t\t<h2 class=\"title\">Localiza\u00e7\u00e3o<\/h2>\r\n\t\t\t\t\t\t\t\t\t<p class=\"main_description\">Avenida Transamaz\u00f4nica, n\u00b0 1600, Bairro Urbano, Oeiras-PI. CEP: 64500-000<\/p>\r\n\t\t\t\t\t\t\t<\/div>\r\n\t\t[vc_gmaps link=&#8221;#E-8_JTNDaWZyYW1lJTIwc3JjJTNEJTIyaHR0cHMlM0ElMkYlMkZ3d3cuZ29vZ2xlLmNvbSUyRm1hcHMlMkZlbWJlZCUzRnBiJTNEJTIxMW0xNCUyMTFtOCUyMTFtMyUyMTFkMTU4MzkuNzcyMTIxMzY2Mjc1JTIxMmQtNDIuMTQxNjM5NSUyMTNkLTcuMDE1OTgyNiUyMTNtMiUyMTFpMTAyNCUyMTJpNzY4JTIxNGYxMy4xJTIxM20zJTIxMW0yJTIxMXMweDAlMjUzQTB4ZjA5OTYxMmI2ODlmMGQ2NCUyMTJzSG90ZWwlMjUyMFNFU0MlMjUyME9laXJhcyUyMTVlMCUyMTNtMiUyMTFzcHQtQlIlMjEyc2JyJTIxNHYxNjM4ODc5Mzk0NzA2JTIxNW0yJTIxMXNwdC1CUiUyMTJzYnIlMjIlMjB3aWR0aCUzRCUyMjYwMCUyMiUyMGhlaWdodCUzRCUyMjQ1MCUyMiUyMHN0eWxlJTNEJTIyYm9yZGVyJTNBMCUzQiUyMiUyMGFsbG93ZnVsbHNjcmVlbiUzRCUyMiUyMiUyMGxvYWRpbmclM0QlMjJsYXp5JTIyJTNFJTNDJTJGaWZyYW1lJTNF&#8221; size=&#8221;450&#8243; css_animation=&#8221;fadeIn&#8221;][\/vc_column][\/vc_row]<\/p>\n","protected":false},"excerpt":{"rendered":"<p>[vc_row][vc_column][\/vc_column][\/vc_row][vc_row full_width=&#8221;stretch_row&#8221; css=&#8221;.vc_custom_1531851570478{padding-top: 100px !important;padding-bottom: 70px !important;}&#8221;][vc_column][vc_column_text] &nbsp; Sesc Oeiras \u2013 Av. Transamaz\u00f4nica, 1600 \u2013 BR 230 \u2013 bairro V\u00e1rzea Oeiras (PI) Localizado em regi\u00e3o privilegiada na Av. Transamaz\u00f4nica, h\u00e1 280 km de Teresina, o Centro de Turismo e Lazer \u2013 Sesc Oeiras fica a poucos quil\u00f4metros do centro da cidade. O hotel do Sesc [&hellip;]<\/p>\n","protected":false},"author":4,"featured_media":0,"parent":0,"menu_order":0,"comment_status":"closed","ping_status":"closed","template":"","meta":[],"_links":{"self":[{"href":"http:\/\/sescpiaui.com.br\/hoteis\/wp-json\/wp\/v2\/pages\/2543"}],"collection":[{"href":"http:\/\/sescpiaui.com.br\/hoteis\/wp-json\/wp\/v2\/pages"}],"about":[{"href":"http:\/\/sescpiaui.com.br\/hoteis\/wp-json\/wp\/v2\/types\/page"}],"author":[{"embeddable":true,"href":"http:\/\/sescpiaui.com.br\/hoteis\/wp-json\/wp\/v2\/users\/4"}],"replies":[{"embeddable":true,"href":"http:\/\/sescpiaui.com.br\/hoteis\/wp-json\/wp\/v2\/comments?post=2543"}],"version-history":[{"count":13,"href":"http:\/\/sescpiaui.com.br\/hoteis\/wp-json\/wp\/v2\/pages\/2543\/revisions"}],"predecessor-version":[{"id":2952,"href":"http:\/\/sescpiaui.com.br\/hoteis\/wp-json\/wp\/v2\/pages\/2543\/revisions\/2952"}],"wp:attachment":[{"href":"http:\/\/sescpiaui.com.br\/hoteis\/wp-json\/wp\/v2\/media?parent=2543"}],"curies":[{"name":"wp","href":"https:\/\/api.w.org\/{rel}","templated":true}]}}