{"id":2510,"date":"2021-12-09T10:24:38","date_gmt":"2021-12-09T13:24:38","guid":{"rendered":"http:\/\/sescpiaui.com.br\/hoteis\/index.php\/sesc-praia-copy\/"},"modified":"2022-05-16T15:35:21","modified_gmt":"2022-05-16T18:35:21","slug":"o-hotel-praia","status":"publish","type":"page","link":"http:\/\/sescpiaui.com.br\/hoteis\/o-hotel-praia\/","title":{"rendered":"O Hotel Praia"},"content":{"rendered":"<p>[vc_row][vc_column]\n\t\t\t<!-- START Slide  sobre o hotel  praia REVOLUTION SLIDER 6.5.7 --><p class=\"rs-p-wp-fix\"><\/p>\n\t\t\t<rs-module-wrap id=\"hero_wrapper\" data-source=\"gallery\" style=\"visibility:hidden;background:transparent;padding:0;margin:0px auto;margin-top:0;margin-bottom:0;\">\n\t\t\t\t<rs-module id=\"hero\" style=\"\" data-version=\"6.5.7\">\n\t\t\t\t\t<rs-slides>\n\t\t\t\t\t\t<rs-slide style=\"position: absolute;\" data-key=\"rs-33\" data-title=\"Slide\" data-anim=\"ms:760;\" data-in=\"o:0;\" data-out=\"a:false;\">\n\t\t\t\t\t\t\t<img src=\"\/\/sescpiaui.com.br\/hoteis\/wp-content\/plugins\/revslider\/public\/assets\/assets\/dummy.png\" title=\"_LM00459\" width=\"2560\" height=\"1634\" class=\"rev-slidebg tp-rs-img rs-lazyload\" data-lazyload=\"\/\/sescpiaui.com.br\/hoteis\/wp-content\/uploads\/2021\/12\/LM00459-scaled.jpg\" data-parallax=\"5\" data-no-retina>\n<!--\n\t\t\t\t\t\t\t--><rs-layer\n\t\t\t\t\t\t\t\tid=\"slider-25-slide-33-layer-1\" \n\t\t\t\t\t\t\t\tdata-type=\"text\"\n\t\t\t\t\t\t\t\tdata-rsp_ch=\"on\"\n\t\t\t\t\t\t\t\tdata-xy=\"x:l,l,c,c;xo:297px,297px,0,0;yo:253px,253px,189px,189px;\"\n\t\t\t\t\t\t\t\tdata-text=\"s:38,38,30,22;l:38,38,30,30;ls:1px,1px,0px,0px;fw:800,800,700,700;a:center,center,inherit,inherit;\"\n\t\t\t\t\t\t\t\tdata-frame_0=\"y:100%;\"\n\t\t\t\t\t\t\t\tdata-frame_0_mask=\"u:t;y:100%;\"\n\t\t\t\t\t\t\t\tdata-frame_1=\"e:power2.inOut;st:490;sp:1500;sR:490;\"\n\t\t\t\t\t\t\t\tdata-frame_1_mask=\"u:t;\"\n\t\t\t\t\t\t\t\tdata-frame_999=\"o:0;st:w;sR:7010;\"\n\t\t\t\t\t\t\t\tstyle=\"z-index:8;font-family:'Nunito';\"\n\t\t\t\t\t\t\t>BEM VINDO AO HOTEL SESC PRAIA<span id=\"text_rotating\"><\/span> \n\t\t\t\t\t\t\t<\/rs-layer><!--\n-->\t\t\t\t\t\t<\/rs-slide>\n\t\t\t\t\t<\/rs-slides>\n\t\t\t\t\t<rs-static-layers class=\"rs-stl-visible\"><!--\n\t\t\t\t\t--><\/rs-static-layers>\n\t\t\t\t<\/rs-module>\n\t\t\t\t<script type=\"text\/javascript\">\n\t\t\t\t\tsetREVStartSize({c: 'hero',rl:[1240,1024,778,480],el:[840,768,1000,1000],gw:[1170,1024,778,480],gh:[840,768,1000,1000],type:'hero',justify:'',layout:'fullwidth',mh:\"0\"});if (window.RS_MODULES!==undefined && window.RS_MODULES.modules!==undefined && window.RS_MODULES.modules[\"hero\"]!==undefined) {window.RS_MODULES.modules[\"hero\"].once = false;window.revapi25 = undefined;if (window.RS_MODULES.checkMinimal!==undefined) window.RS_MODULES.checkMinimal()}\n\t\t\t\t<\/script>\n\t\t\t<\/rs-module-wrap>\n\t\t\t<!-- END REVOLUTION SLIDER -->\n[\/vc_column][\/vc_row][vc_row full_width=&#8221;stretch_row&#8221; css=&#8221;.vc_custom_1531851570478{padding-top: 100px !important;padding-bottom: 70px !important;}&#8221;][vc_column]\t\t\t<div\r\n\t\t\t\tclass=\"main_title  text-center  \">\r\n\t\t\t\t<h2 class=\"title\">Sesc Praia<\/h2>\r\n\t\t\t\t\t\t\t<\/div>\r\n\t\t[vc_column_text]<\/p>\n<p style=\"text-align: left;\"><img loading=\"lazy\" class=\"wp-image-2668 aligncenter\" src=\"http:\/\/sescpiaui.com.br\/hoteis\/wp-content\/uploads\/2021\/12\/Sesc-Praia-300x200.jpg\" alt=\"\" width=\"599\" height=\"400\" srcset=\"http:\/\/sescpiaui.com.br\/hoteis\/wp-content\/uploads\/2021\/12\/Sesc-Praia-300x200.jpg 300w, http:\/\/sescpiaui.com.br\/hoteis\/wp-content\/uploads\/2021\/12\/Sesc-Praia-1024x683.jpg 1024w, http:\/\/sescpiaui.com.br\/hoteis\/wp-content\/uploads\/2021\/12\/Sesc-Praia-768x512.jpg 768w, http:\/\/sescpiaui.com.br\/hoteis\/wp-content\/uploads\/2021\/12\/Sesc-Praia-80x53.jpg 80w, http:\/\/sescpiaui.com.br\/hoteis\/wp-content\/uploads\/2021\/12\/Sesc-Praia-1536x1024.jpg 1536w, http:\/\/sescpiaui.com.br\/hoteis\/wp-content\/uploads\/2021\/12\/Sesc-Praia.jpg 1620w\" sizes=\"(max-width: 599px) 100vw, 599px\" \/><\/p>\n<p style=\"text-align: left;\">Localizado no litoral do Piau\u00ed, o Sesc Praia \u00e9 o local ideal para aqueles que buscam recarregar as energias com tranquilidade e conforto! Nossa m\u00fasica de fundo \u00e9 o vento que balan\u00e7a as palhas dos coqueiros e as ondas do mar.<\/p>\n<p style=\"text-align: left;\">O hotel est\u00e1 situado na \u00c1rea de Prote\u00e7\u00e3o Ambiental do Delta do Parna\u00edba, na praia do Barro Preto, em Lu\u00eds Correia, a 338 km da capital Teresina. \u00c9 uma regi\u00e3o privilegiada pela natureza, com uma rica biodiversidade, e excelente para quem busca um roteiro de Sol &amp; Praia, pr\u00e1ticas esportivas de kitesurf e uma boa gastronomia. Com estrutura moderna e confort\u00e1vel, teve sua primeira etapa inaugurada em 12 de julho de 1996 e a segunda em 13 de julho 2013 para proporcionar conforto, lazer e entretenimento aos nossos h\u00f3spedes. Possu\u00edmos 75 amplos apartamentos e 05 su\u00edtes, decorados com leveza e equipados com TV, ar-condicionado, minibar, internet Wifi e outras facilidades.<\/p>\n<p style=\"text-align: left;\">Ainda somos Pet Friendly, com acomoda\u00e7\u00f5es para receber os amiguinhos de quatro patas. O hotel conta com o servi\u00e7o de traslado para os principais pontos tur\u00edsticos na regi\u00e3o. Hospede-se conosco, e viva momentos inesquec\u00edveis com toda fam\u00edlia!<\/p>\n<p>[\/vc_column_text][\/vc_column][vc_column][\/vc_column][\/vc_row][vc_row full_width=&#8221;stretch_row_content_no_spaces&#8221;][vc_column]\t\t\t<div\r\n\t\t\t\tclass=\"main_title  text-center  mt_wave\">\r\n\t\t\t\t<h2 class=\"title\">Localiza\u00e7\u00e3o<\/h2>\r\n\t\t\t\t\t\t\t\t\t<p class=\"main_description\">Estrada PI 116, Km 7,5 Praia do Barro Preto, Bairro Dunas, Lu\u00eds Correia - PI, 64220-000<\/p>\r\n\t\t\t\t\t\t\t<\/div>\r\n\t\t[vc_gmaps link=&#8221;#E-8_JTNDaWZyYW1lJTIwc3JjJTNEJTIyaHR0cHMlM0ElMkYlMkZ3d3cuZ29vZ2xlLmNvbSUyRm1hcHMlMkZlbWJlZCUzRnBiJTNEJTIxMW0xOCUyMTFtMTIlMjExbTMlMjExZDM5ODQuNjgxOTMzODk4MzcyJTIxMmQtNDEuNjAzNTIyMjg0NzI2NjglMjEzZC0yLjkwNzYxMjQ0MDM2NDg5NDYlMjEybTMlMjExZjAlMjEyZjAlMjEzZjAlMjEzbTIlMjExaTEwMjQlMjEyaTc2OCUyMTRmMTMuMSUyMTNtMyUyMTFtMiUyMTFzMHg3ZWMyMzk3NTViYmY1NTElMjUzQTB4ODJhMmJjNzJiMjQ1ZWQyZCUyMTJzU0VTQyUyNTIwUHJhaWElMjE1ZTAlMjEzbTIlMjExc3B0LUJSJTIxMnNiciUyMTR2MTYzODU1MTA2MDExNSUyMTVtMiUyMTFzcHQtQlIlMjEyc2JyJTIyJTIwd2lkdGglM0QlMjI4MDAlMjIlMjBoZWlnaHQlM0QlMjI2MDAlMjIlMjBzdHlsZSUzRCUyMmJvcmRlciUzQTAlM0IlMjIlMjBhbGxvd2Z1bGxzY3JlZW4lM0QlMjIlMjIlMjBsb2FkaW5nJTNEJTIybGF6eSUyMiUzRSUzQyUyRmlmcmFtZSUzRQ==&#8221; size=&#8221;450&#8243; css_animation=&#8221;fadeIn&#8221;][\/vc_column][\/vc_row]<\/p>\n","protected":false},"excerpt":{"rendered":"<p>[vc_row][vc_column][\/vc_column][\/vc_row][vc_row full_width=&#8221;stretch_row&#8221; css=&#8221;.vc_custom_1531851570478{padding-top: 100px !important;padding-bottom: 70px !important;}&#8221;][vc_column][vc_column_text] Localizado no litoral do Piau\u00ed, o Sesc Praia \u00e9 o local ideal para aqueles que buscam recarregar as energias com tranquilidade e conforto! Nossa m\u00fasica de fundo \u00e9 o vento que balan\u00e7a as palhas dos coqueiros e as ondas do mar. O hotel est\u00e1 situado na \u00c1rea de [&hellip;]<\/p>\n","protected":false},"author":4,"featured_media":2668,"parent":0,"menu_order":0,"comment_status":"closed","ping_status":"closed","template":"","meta":[],"_links":{"self":[{"href":"http:\/\/sescpiaui.com.br\/hoteis\/wp-json\/wp\/v2\/pages\/2510"}],"collection":[{"href":"http:\/\/sescpiaui.com.br\/hoteis\/wp-json\/wp\/v2\/pages"}],"about":[{"href":"http:\/\/sescpiaui.com.br\/hoteis\/wp-json\/wp\/v2\/types\/page"}],"author":[{"embeddable":true,"href":"http:\/\/sescpiaui.com.br\/hoteis\/wp-json\/wp\/v2\/users\/4"}],"replies":[{"embeddable":true,"href":"http:\/\/sescpiaui.com.br\/hoteis\/wp-json\/wp\/v2\/comments?post=2510"}],"version-history":[{"count":10,"href":"http:\/\/sescpiaui.com.br\/hoteis\/wp-json\/wp\/v2\/pages\/2510\/revisions"}],"predecessor-version":[{"id":2950,"href":"http:\/\/sescpiaui.com.br\/hoteis\/wp-json\/wp\/v2\/pages\/2510\/revisions\/2950"}],"wp:featuredmedia":[{"embeddable":true,"href":"http:\/\/sescpiaui.com.br\/hoteis\/wp-json\/wp\/v2\/media\/2668"}],"wp:attachment":[{"href":"http:\/\/sescpiaui.com.br\/hoteis\/wp-json\/wp\/v2\/media?parent=2510"}],"curies":[{"name":"wp","href":"https:\/\/api.w.org\/{rel}","templated":true}]}}