{"id":2445,"date":"2021-12-07T09:10:07","date_gmt":"2021-12-07T12:10:07","guid":{"rendered":"http:\/\/sescpiaui.com.br\/hoteis\/index.php\/sesc-praia-copy\/"},"modified":"2022-10-11T11:55:07","modified_gmt":"2022-10-11T14:55:07","slug":"sesc-oeiras","status":"publish","type":"page","link":"http:\/\/sescpiaui.com.br\/hoteis\/sesc-oeiras\/","title":{"rendered":"Sesc Oeiras"},"content":{"rendered":"<p>[vc_row][vc_column][rev_slider_vc alias=&#8221;rev-slider-2&#8243; el_class=&#8221;color-overlay-slider overlay-opacity-04&#8243;][\/vc_column][\/vc_row][vc_row full_width=&#8221;stretch_row&#8221; css=&#8221;.vc_custom_1531851570478{padding-top: 100px !important;padding-bottom: 70px !important;}&#8221;][vc_column]\t\t\t<div\r\n\t\t\t\tclass=\"main_title  text-center  \">\r\n\t\t\t\t<h2 class=\"title\">Nossas acomoda\u00e7\u00f5es<\/h2>\r\n\t\t\t\t\t\t\t\t\t<p class=\"main_description\">Saiba mais sobre os tipos de acomoda\u00e7\u00f5es<\/p>\r\n\t\t\t\t\t\t\t<\/div>\r\n\t\t[vc_row_inner][vc_column_inner]\n        \n        <script>\n          jQuery(document).ready(function ($) {\n            function gallery_carousel() {\n              $('#rooms-carousel-4ljwq').owlCarousel({\n                loop: false,\n                margin: 30,\n                                nav: true,\n                                navText: [\n                 \"<i class='fa fa-angle-left' aria-hidden='true'><\/i>\",\n                 \"<i class='fa fa-angle-right' aria-hidden='true'><\/i>\"\n                ],\n\n                responsiveClass:true,\n                responsive:{\n\n                    0:{\n                        items: 1,\n                        nav: false\n                    },\n\n                    600:{\n                        items: 2,\n                        nav: true\n                    },\n\n                    1000:{\n                        items: 2,\n                        nav: true,\n                    }\n                }\n\n              });\n          }\n          setTimeout(gallery_carousel, 1)\n          });\n        <\/script>\n\n         <div id=\"rooms-carousel-4ljwq\" class=\"rooms-carousel owl-carousel\">\n             \n              \r\n<div class=\"room-item \">\r\n\r\n    <figure class=\"room-image gradient-overlay overlay-opacity-02 slide-right-hover\">\r\n                <a href=\"http:\/\/sescpiaui.com.br\/hoteis\/rooms\/acomodacao-oeiras-tipo-1\/\">\r\n            <img src=\"http:\/\/sescpiaui.com.br\/hoteis\/wp-content\/uploads\/2018\/04\/SC_2358-Sesc-Oeiras-720x470.jpg\" alt=\"Apartamento Luxo\">\r\n        <\/a>\r\n    <\/figure>\r\n\r\n    <div class=\"room-details\">\r\n\r\n        <h3 class=\"room-title\">\r\n            <a href=\"http:\/\/sescpiaui.com.br\/hoteis\/rooms\/acomodacao-oeiras-tipo-1\/\">Apartamento Luxo<\/a>\r\n        <\/h3>\r\n\r\n        \r\n    <\/div>\r\n\r\n<\/div>\n             \n              \r\n<div class=\"room-item \">\r\n\r\n    <figure class=\"room-image gradient-overlay overlay-opacity-02 slide-right-hover\">\r\n                <a href=\"http:\/\/sescpiaui.com.br\/hoteis\/rooms\/honeymoon\/\">\r\n            <img src=\"http:\/\/sescpiaui.com.br\/hoteis\/wp-content\/uploads\/2018\/04\/DSC7758-720x470.jpg\" alt=\"Apartamento Luxo\">\r\n        <\/a>\r\n    <\/figure>\r\n\r\n    <div class=\"room-details\">\r\n\r\n        <h3 class=\"room-title\">\r\n            <a href=\"http:\/\/sescpiaui.com.br\/hoteis\/rooms\/honeymoon\/\">Apartamento Luxo<\/a>\r\n        <\/h3>\r\n\r\n        \r\n    <\/div>\r\n\r\n<\/div>\n                                   <\/div>\n\n        [\/vc_column_inner][\/vc_row_inner][\/vc_column][vc_column]\t\t\t<div\r\n\t\t\t\tclass=\"main_title  text-center  mt_wave\">\r\n\t\t\t\t<h2 class=\"title\">Nossos servi\u00e7os<\/h2>\r\n\t\t\t\t\t\t\t<\/div>\r\n\t\t\r\n      \r\n    <script>\r\n      jQuery(document).ready(function ($) {\r\n        $('#features-slider-s9DQr').owlCarousel({\r\n            thumbs: true,\r\n            thumbsPrerendered: true,\r\n            items: 1,\r\n                        loop: true,\r\n                        autoplay: true,\r\n                        dots: false,\r\n            nav: false,\r\n            touchDrag  : true,\r\n            mouseDrag  : false\r\n          });\r\n      });\r\n    <\/script>\r\n\r\n\r\n    <div class=\"features\">\r\n      <div class=\"row\">\r\n          <div class=\"col-md-7\">\r\n              <div data-slider-id=\"features-s9DQr\" id=\"features-slider-s9DQr\" class=\"main-image owl-carousel\">\r\n\r\n\r\n  <div class=\"gradient-overlay overlay-opacity-02\"><img src=\"http:\/\/sescpiaui.com.br\/hoteis\/wp-content\/uploads\/2021\/12\/Sesc-Oeiras_SC_2015-scaled.jpg\" class=\"img-responsive\" alt=\"Restaurante\"><\/div>\r\n\r\n  \r\n  <div class=\"gradient-overlay overlay-opacity-02\"><img src=\"http:\/\/sescpiaui.com.br\/hoteis\/wp-content\/uploads\/2021\/12\/Sesc-Oeiras_SC_2449-scaled.jpg\" class=\"img-responsive\" alt=\"Recrea\u00e7\u00e3o\"><\/div>\r\n\r\n  \r\n  <div class=\"gradient-overlay overlay-opacity-02\"><img src=\"http:\/\/sescpiaui.com.br\/hoteis\/wp-content\/uploads\/2021\/12\/Sesc-Oeiras_SC_2232-2-scaled.jpg\" class=\"img-responsive\" alt=\"Parque Aqu\u00e1tico\"><\/div>\r\n\r\n  <\/div>\r\n<\/div>\r\n<div class=\"col-md-5\">\r\n  <div class=\"owl-thumbs\" data-slider-id=\"features-s9DQr\">\r\n\r\n    \r\n    <!-- SLIDE -->\r\n    <div class=\"owl-thumb-item\">\r\n        <span class=\"media-left\"><image src=\"http:\/\/sescpiaui.com.br\/hoteis\/wp-content\/uploads\/2018\/05\/plate.png\" alt=\"Restaurante\"><\/span>\r\n        <div class=\"media-body\">\r\n            <h3>Restaurante<\/h3>\r\n            <p>Uma experi\u00eancia agrad\u00e1vel para os h\u00f3sdepes do Sesc Oeiras \u00e9 desfrutar do saboroso caf\u00e9 da manh\u00e3 servido no restaurante (incluso na di\u00e1ria).  O restaurante do Sesc oferece almo\u00e7o e jantar em ambiente confort\u00e1vel, que proporciona aos h\u00f3spedes o prazer de saborear os pratos t\u00edpicos da culin\u00e1ria piauiense.<\/p>\r\n        <\/div>\r\n    <\/div>\r\n\r\n    \r\n    <!-- SLIDE -->\r\n    <div class=\"owl-thumb-item\">\r\n        <span class=\"media-left\"><image src=\"http:\/\/sescpiaui.com.br\/hoteis\/wp-content\/uploads\/2018\/05\/spa.png\" alt=\"Recrea\u00e7\u00e3o\"><\/span>\r\n        <div class=\"media-body\">\r\n            <h3>Recrea\u00e7\u00e3o<\/h3>\r\n            <p>O lazer est\u00e1 garantido nos hot\u00e9is do Sesc Piau\u00ed! Dispomos de uma estrutura completa de lazer.<\/p>\r\n        <\/div>\r\n    <\/div>\r\n\r\n    \r\n    <!-- SLIDE -->\r\n    <div class=\"owl-thumb-item\">\r\n        <span class=\"media-left\"><image src=\"http:\/\/sescpiaui.com.br\/hoteis\/wp-content\/uploads\/2018\/05\/swimmer.png\" alt=\"Parque Aqu\u00e1tico\"><\/span>\r\n        <div class=\"media-body\">\r\n            <h3>Parque Aqu\u00e1tico<\/h3>\r\n            <p>O Parque Aqu\u00e1tico conta com piscinas adulto e infantil com 2 tobo\u00e1guas.<\/p>\r\n        <\/div>\r\n    <\/div>\r\n\r\n    \r\n  <\/div>\r\n<\/div>\r\n<\/div>\r\n<\/div>\r\n\r\n  [\/vc_column][\/vc_row][vc_row full_width=&#8221;stretch_row_content_no_spaces&#8221; css=&#8221;.vc_custom_1531851045585{border-top-width: 1px !important;border-bottom-width: 1px !important;padding-top: 100px !important;padding-bottom: 100px !important;background-color: #f5f3f0 !important;border-top-color: #f0f0f0 !important;border-top-style: solid !important;border-bottom-color: #f0f0f0 !important;border-bottom-style: solid !important;}&#8221; el_class=&#8221;wave-background&#8221;][vc_column css=&#8221;.vc_custom_1638807435110{padding-left: 10px !important;}&#8221;][vc_row_inner][vc_column_inner]\t\t\t<div\r\n\t\t\t\tclass=\"main_title  text-center  mt_wave\">\r\n\t\t\t\t<h2 class=\"title\">Galeria de fotos Hotel Sesc Oeiras<\/h2>\r\n\t\t\t\t\t\t\t<\/div>\r\n\t\t           \r\n            <div class=\"row\">\r\n\t            <div class=\"image-gallery\">\r\n\r\n                   \r\n                    <!-- GALLERY ITEM -->\r\n                    <div class=\"col-lg-2 col-sm-6\">\r\n                      <figure class=\"gradient-overlay-hover icon-zoom-hover zoom-image-hover\">\r\n                                                <a href=\"http:\/\/sescpiaui.com.br\/hoteis\/wp-content\/uploads\/2021\/12\/Sesc-Oeiras_SC_2058-1-scaled.jpg\">\r\n                          <img src=\"http:\/\/sescpiaui.com.br\/hoteis\/wp-content\/uploads\/2021\/12\/Sesc-Oeiras_SC_2058-1-scaled.jpg\" class=\"img-responsive\">\r\n                        <\/a>\r\n                                            <\/figure>\r\n                    <\/div>\r\n\r\n                    \r\n                    <!-- GALLERY ITEM -->\r\n                    <div class=\"col-lg-2 col-sm-6\">\r\n                      <figure class=\"gradient-overlay-hover icon-zoom-hover zoom-image-hover\">\r\n                                                <a href=\"http:\/\/sescpiaui.com.br\/hoteis\/wp-content\/uploads\/2021\/12\/SC_2102-Sesc-Oeiras-scaled.jpg\">\r\n                          <img src=\"http:\/\/sescpiaui.com.br\/hoteis\/wp-content\/uploads\/2021\/12\/SC_2102-Sesc-Oeiras-scaled.jpg\" class=\"img-responsive\">\r\n                        <\/a>\r\n                                            <\/figure>\r\n                    <\/div>\r\n\r\n                    \r\n                    <!-- GALLERY ITEM -->\r\n                    <div class=\"col-lg-2 col-sm-6\">\r\n                      <figure class=\"gradient-overlay-hover icon-zoom-hover zoom-image-hover\">\r\n                                                <a href=\"http:\/\/sescpiaui.com.br\/hoteis\/wp-content\/uploads\/2021\/12\/Sesc-Oeiras_SC_2449-scaled.jpg\">\r\n                          <img src=\"http:\/\/sescpiaui.com.br\/hoteis\/wp-content\/uploads\/2021\/12\/Sesc-Oeiras_SC_2449-scaled.jpg\" class=\"img-responsive\">\r\n                        <\/a>\r\n                                            <\/figure>\r\n                    <\/div>\r\n\r\n                    \r\n                    <!-- GALLERY ITEM -->\r\n                    <div class=\"col-lg-2 col-sm-6\">\r\n                      <figure class=\"gradient-overlay-hover icon-zoom-hover zoom-image-hover\">\r\n                                                <a href=\"http:\/\/sescpiaui.com.br\/hoteis\/wp-content\/uploads\/2021\/12\/Sesc-Oeiras_SC_2161-1-scaled.jpg\">\r\n                          <img src=\"http:\/\/sescpiaui.com.br\/hoteis\/wp-content\/uploads\/2021\/12\/Sesc-Oeiras_SC_2161-1-scaled.jpg\" class=\"img-responsive\">\r\n                        <\/a>\r\n                                            <\/figure>\r\n                    <\/div>\r\n\r\n                    \r\n                    <!-- GALLERY ITEM -->\r\n                    <div class=\"col-lg-2 col-sm-6\">\r\n                      <figure class=\"gradient-overlay-hover icon-zoom-hover zoom-image-hover\">\r\n                                                <a href=\"http:\/\/sescpiaui.com.br\/hoteis\/wp-content\/uploads\/2021\/12\/DSC7768-scaled.jpg\">\r\n                          <img src=\"http:\/\/sescpiaui.com.br\/hoteis\/wp-content\/uploads\/2021\/12\/DSC7768-scaled.jpg\" class=\"img-responsive\">\r\n                        <\/a>\r\n                                            <\/figure>\r\n                    <\/div>\r\n\r\n                    \r\n                    <!-- GALLERY ITEM -->\r\n                    <div class=\"col-lg-2 col-sm-6\">\r\n                      <figure class=\"gradient-overlay-hover icon-zoom-hover zoom-image-hover\">\r\n                                                <a href=\"http:\/\/sescpiaui.com.br\/hoteis\/wp-content\/uploads\/2021\/12\/Sesc-Oeiras-3-scaled.jpg\">\r\n                          <img src=\"http:\/\/sescpiaui.com.br\/hoteis\/wp-content\/uploads\/2021\/12\/Sesc-Oeiras-3-scaled.jpg\" class=\"img-responsive\">\r\n                        <\/a>\r\n                                            <\/figure>\r\n                    <\/div>\r\n\r\n                    \r\n                    <!-- GALLERY ITEM -->\r\n                    <div class=\"col-lg-2 col-sm-6\">\r\n                      <figure class=\"gradient-overlay-hover icon-zoom-hover zoom-image-hover\">\r\n                                                <a href=\"http:\/\/sescpiaui.com.br\/hoteis\/wp-content\/uploads\/2021\/12\/Sesc-Oeiras-4-scaled.jpg\">\r\n                          <img src=\"http:\/\/sescpiaui.com.br\/hoteis\/wp-content\/uploads\/2021\/12\/Sesc-Oeiras-4-scaled.jpg\" class=\"img-responsive\">\r\n                        <\/a>\r\n                                            <\/figure>\r\n                    <\/div>\r\n\r\n                    \r\n                    <!-- GALLERY ITEM -->\r\n                    <div class=\"col-lg-2 col-sm-6\">\r\n                      <figure class=\"gradient-overlay-hover icon-zoom-hover zoom-image-hover\">\r\n                                                <a href=\"http:\/\/sescpiaui.com.br\/hoteis\/wp-content\/uploads\/2021\/12\/Sesc-Oeiras-7-scaled.jpg\">\r\n                          <img src=\"http:\/\/sescpiaui.com.br\/hoteis\/wp-content\/uploads\/2021\/12\/Sesc-Oeiras-7-scaled.jpg\" class=\"img-responsive\">\r\n                        <\/a>\r\n                                            <\/figure>\r\n                    <\/div>\r\n\r\n                    \r\n                    <!-- GALLERY ITEM -->\r\n                    <div class=\"col-lg-2 col-sm-6\">\r\n                      <figure class=\"gradient-overlay-hover icon-zoom-hover zoom-image-hover\">\r\n                                                <a href=\"http:\/\/sescpiaui.com.br\/hoteis\/wp-content\/uploads\/2021\/12\/Sesc-Oeiras_SC_2232-2-scaled.jpg\">\r\n                          <img src=\"http:\/\/sescpiaui.com.br\/hoteis\/wp-content\/uploads\/2021\/12\/Sesc-Oeiras_SC_2232-2-scaled.jpg\" class=\"img-responsive\">\r\n                        <\/a>\r\n                                            <\/figure>\r\n                    <\/div>\r\n\r\n                    \r\n                    <!-- GALLERY ITEM -->\r\n                    <div class=\"col-lg-2 col-sm-6\">\r\n                      <figure class=\"gradient-overlay-hover icon-zoom-hover zoom-image-hover\">\r\n                                                <a href=\"http:\/\/sescpiaui.com.br\/hoteis\/wp-content\/uploads\/2021\/12\/SC_2250-Sesc-Oeiras-scaled.jpg\">\r\n                          <img src=\"http:\/\/sescpiaui.com.br\/hoteis\/wp-content\/uploads\/2021\/12\/SC_2250-Sesc-Oeiras-scaled.jpg\" class=\"img-responsive\">\r\n                        <\/a>\r\n                                            <\/figure>\r\n                    <\/div>\r\n\r\n                    \r\n                    <!-- GALLERY ITEM -->\r\n                    <div class=\"col-lg-2 col-sm-6\">\r\n                      <figure class=\"gradient-overlay-hover icon-zoom-hover zoom-image-hover\">\r\n                                                <a href=\"http:\/\/sescpiaui.com.br\/hoteis\/wp-content\/uploads\/2021\/12\/SC_2553-Sesc-Oeiras-scaled.jpg\">\r\n                          <img src=\"http:\/\/sescpiaui.com.br\/hoteis\/wp-content\/uploads\/2021\/12\/SC_2553-Sesc-Oeiras-scaled.jpg\" class=\"img-responsive\">\r\n                        <\/a>\r\n                                            <\/figure>\r\n                    <\/div>\r\n\r\n                    \r\n                    <!-- GALLERY ITEM -->\r\n                    <div class=\"col-lg-2 col-sm-6\">\r\n                      <figure class=\"gradient-overlay-hover icon-zoom-hover zoom-image-hover\">\r\n                                                <a href=\"http:\/\/sescpiaui.com.br\/hoteis\/wp-content\/uploads\/2021\/12\/DSC7809-scaled.jpg\">\r\n                          <img src=\"http:\/\/sescpiaui.com.br\/hoteis\/wp-content\/uploads\/2021\/12\/DSC7809-scaled.jpg\" class=\"img-responsive\">\r\n                        <\/a>\r\n                                            <\/figure>\r\n                    <\/div>\r\n\r\n                    \r\n\t                \t            <\/div>\r\n            <\/div>\r\n\r\n        [\/vc_column_inner][\/vc_row_inner][\/vc_column][\/vc_row][vc_row full_width=&#8221;stretch_row_content_no_spaces&#8221;][vc_column][vc_empty_space height=&#8221;30&#8243;]\t\t\t<div\r\n\t\t\t\tclass=\"main_title  text-center  mt_wave\">\r\n\t\t\t\t<h2 class=\"title\">Localiza\u00e7\u00e3o<\/h2>\r\n\t\t\t\t\t\t\t\t\t<p class=\"main_description\">Avenida Transamaz\u00f4nica, n\u00b0 1600, Bairro Urbano, Oeiras-PI. CEP: 64500-000<\/p>\r\n\t\t\t\t\t\t\t<\/div>\r\n\t\t[vc_gmaps link=&#8221;#E-8_JTNDaWZyYW1lJTIwc3JjJTNEJTIyaHR0cHMlM0ElMkYlMkZ3d3cuZ29vZ2xlLmNvbSUyRm1hcHMlMkZlbWJlZCUzRnBiJTNEJTIxMW0xNCUyMTFtOCUyMTFtMyUyMTFkMTU4MzkuNzcyMTIxMzY2Mjc1JTIxMmQtNDIuMTQxNjM5NSUyMTNkLTcuMDE1OTgyNiUyMTNtMiUyMTFpMTAyNCUyMTJpNzY4JTIxNGYxMy4xJTIxM20zJTIxMW0yJTIxMXMweDAlMjUzQTB4ZjA5OTYxMmI2ODlmMGQ2NCUyMTJzSG90ZWwlMjUyMFNFU0MlMjUyME9laXJhcyUyMTVlMCUyMTNtMiUyMTFzcHQtQlIlMjEyc2JyJTIxNHYxNjM4ODc5Mzk0NzA2JTIxNW0yJTIxMXNwdC1CUiUyMTJzYnIlMjIlMjB3aWR0aCUzRCUyMjYwMCUyMiUyMGhlaWdodCUzRCUyMjQ1MCUyMiUyMHN0eWxlJTNEJTIyYm9yZGVyJTNBMCUzQiUyMiUyMGFsbG93ZnVsbHNjcmVlbiUzRCUyMiUyMiUyMGxvYWRpbmclM0QlMjJsYXp5JTIyJTNFJTNDJTJGaWZyYW1lJTNF&#8221; size=&#8221;450&#8243; css_animation=&#8221;fadeIn&#8221;][\/vc_column][\/vc_row]<\/p>\n","protected":false},"excerpt":{"rendered":"<p>[vc_row][vc_column][rev_slider_vc alias=&#8221;rev-slider-2&#8243; el_class=&#8221;color-overlay-slider overlay-opacity-04&#8243;][\/vc_column][\/vc_row][vc_row full_width=&#8221;stretch_row&#8221; css=&#8221;.vc_custom_1531851570478{padding-top: 100px !important;padding-bottom: 70px !important;}&#8221;][vc_column][vc_row_inner][vc_column_inner][\/vc_column_inner][\/vc_row_inner][\/vc_column][vc_column][\/vc_column][\/vc_row][vc_row full_width=&#8221;stretch_row_content_no_spaces&#8221; css=&#8221;.vc_custom_1531851045585{border-top-width: 1px !important;border-bottom-width: 1px !important;padding-top: 100px !important;padding-bottom: 100px !important;background-color: #f5f3f0 !important;border-top-color: #f0f0f0 !important;border-top-style: solid !important;border-bottom-color: #f0f0f0 !important;border-bottom-style: solid !important;}&#8221; el_class=&#8221;wave-background&#8221;][vc_column css=&#8221;.vc_custom_1638807435110{padding-left: 10px !important;}&#8221;][vc_row_inner][vc_column_inner][\/vc_column_inner][\/vc_row_inner][\/vc_column][\/vc_row][vc_row full_width=&#8221;stretch_row_content_no_spaces&#8221;][vc_column][vc_empty_space height=&#8221;30&#8243;][vc_gmaps link=&#8221;#E-8_JTNDaWZyYW1lJTIwc3JjJTNEJTIyaHR0cHMlM0ElMkYlMkZ3d3cuZ29vZ2xlLmNvbSUyRm1hcHMlMkZlbWJlZCUzRnBiJTNEJTIxMW0xNCUyMTFtOCUyMTFtMyUyMTFkMTU4MzkuNzcyMTIxMzY2Mjc1JTIxMmQtNDIuMTQxNjM5NSUyMTNkLTcuMDE1OTgyNiUyMTNtMiUyMTFpMTAyNCUyMTJpNzY4JTIxNGYxMy4xJTIxM20zJTIxMW0yJTIxMXMweDAlMjUzQTB4ZjA5OTYxMmI2ODlmMGQ2NCUyMTJzSG90ZWwlMjUyMFNFU0MlMjUyME9laXJhcyUyMTVlMCUyMTNtMiUyMTFzcHQtQlIlMjEyc2JyJTIxNHYxNjM4ODc5Mzk0NzA2JTIxNW0yJTIxMXNwdC1CUiUyMTJzYnIlMjIlMjB3aWR0aCUzRCUyMjYwMCUyMiUyMGhlaWdodCUzRCUyMjQ1MCUyMiUyMHN0eWxlJTNEJTIyYm9yZGVyJTNBMCUzQiUyMiUyMGFsbG93ZnVsbHNjcmVlbiUzRCUyMiUyMiUyMGxvYWRpbmclM0QlMjJsYXp5JTIyJTNFJTNDJTJGaWZyYW1lJTNF&#8221; size=&#8221;450&#8243; css_animation=&#8221;fadeIn&#8221;][\/vc_column][\/vc_row]<\/p>\n","protected":false},"author":4,"featured_media":0,"parent":0,"menu_order":0,"comment_status":"closed","ping_status":"closed","template":"","meta":[],"_links":{"self":[{"href":"http:\/\/sescpiaui.com.br\/hoteis\/wp-json\/wp\/v2\/pages\/2445"}],"collection":[{"href":"http:\/\/sescpiaui.com.br\/hoteis\/wp-json\/wp\/v2\/pages"}],"about":[{"href":"http:\/\/sescpiaui.com.br\/hoteis\/wp-json\/wp\/v2\/types\/page"}],"author":[{"embeddable":true,"href":"http:\/\/sescpiaui.com.br\/hoteis\/wp-json\/wp\/v2\/users\/4"}],"replies":[{"embeddable":true,"href":"http:\/\/sescpiaui.com.br\/hoteis\/wp-json\/wp\/v2\/comments?post=2445"}],"version-history":[{"count":42,"href":"http:\/\/sescpiaui.com.br\/hoteis\/wp-json\/wp\/v2\/pages\/2445\/revisions"}],"predecessor-version":[{"id":3042,"href":"http:\/\/sescpiaui.com.br\/hoteis\/wp-json\/wp\/v2\/pages\/2445\/revisions\/3042"}],"wp:attachment":[{"href":"http:\/\/sescpiaui.com.br\/hoteis\/wp-json\/wp\/v2\/media?parent=2445"}],"curies":[{"name":"wp","href":"https:\/\/api.w.org\/{rel}","templated":true}]}}