{"id":1649,"date":"2022-11-21T10:41:34","date_gmt":"2022-11-21T13:41:34","guid":{"rendered":"http:\/\/sescpiaui.com.br\/escreversemfronteiras\/?page_id=1649"},"modified":"2024-01-22T08:24:34","modified_gmt":"2024-01-22T11:24:34","slug":"sobre-o-projeto","status":"publish","type":"page","link":"http:\/\/sescpiaui.com.br\/escreversemfronteiras\/index.php\/sobre-o-projeto\/","title":{"rendered":"SOBRE O PROJETO"},"content":{"rendered":"<p>Segue o Passo a passo:<\/p>\n<p>1 &#8211; No site do Escrever sem Fronteiras(http:\/\/sescpiaui.com.br\/escreversemfronteiras\/),v\u00e1 na aba (CADASTRO DE USU\u00c1RIOS) e preencha seus dados em CADASTRE-SE. \u00c9 muito importante mant\u00ea-los atualizados.<\/p>\n<p>2 &#8211; Ao realizar seu cadastro, no WordPress v\u00e1 na aba (Perfil) e adicione sua foto e sua biografia.<\/p>\n<p>Observa\u00e7\u00e3o : Para adicionar a foto do seu perfil, voc\u00ea ser\u00e1 encaminhado para uma p\u00e1gina chamada &#8220;Gravatar&#8221;, onde ter\u00e1 que criar uma conta.<\/p>\n<p>3 &#8211; Em &#8220;Post&#8221;, Adicione um novo e Preencha o t\u00edtulo do texto que vai publicar;<\/p>\n<p>4 &#8211; Copie e cole seu texto nesta caixa (Aqui voc\u00ea tamb\u00e9m pode anexar sugest\u00e3o de imagens para o seu texto)<\/p>\n<p>5 &#8211; Anexe, clicando em (Adicionar m\u00eddia), as seguintes autoriza\u00e7\u00f5es obrigat\u00f3rias:<\/p>\n<p><a href=\"http:\/\/sescpiaui.com.br\/escreversemfronteiras\/wp-content\/uploads\/2024\/01\/TERMO-DE-AUTORIZACAO-DE-IMAGEM-1.pdf\"><span style=\"color: #3366ff;\">TERMO DE AUTORIZA\u00c7\u00c3O DE IMAGEM<\/span> <\/a><\/p>\n<p><span style=\"color: #3366ff;\"><a style=\"color: #3366ff;\" href=\"http:\/\/sescpiaui.com.br\/escreversemfronteiras\/wp-content\/uploads\/2024\/01\/Declaracao-de-Autorizacao-de-texto.pdf\">DECLARA\u00c7\u00c3O DE AUTORIZA\u00c7\u00c3O DE TEXTO<\/a><\/span><\/p>\n<p>Observa\u00e7\u00e3o: Caso essas autoriza\u00e7\u00f5es n\u00e3o sejam anexadas, o texto n\u00e3o ser\u00e1 eleg\u00edvel para publica\u00e7\u00e3o.<\/p>\n<p>6 -Adicione uma capa de destaque para seu post (Tem uma aba logo abaixo &#8220;DEFINIR IMAGEM DESTACADA&#8221;)<\/p>\n<p>7 &#8211; Selecione a categoria do seu texto (Contos, cr\u00f4nicas, poemas etc.)<\/p>\n<p>Observa\u00e7\u00e3o: Em caso de Podcast, selecione o formato &#8220;\u00c1UDIO&#8221; e enviar \u00e1udio em formato MP3. Segue sugest\u00e3o de link para transformar em MP3 (https:\/\/convertio.co\/pt\/mp4-mp3\/)<br \/>\n<strong>*<\/strong> Em caso de E-books, siga o passo a passo:<br \/>\n&#8211; Clique em dFlip Book, Add new book e selecione o arquivo em Pdf. Ap\u00f3s isso, publique e copie o c\u00f3digo curto que ir\u00e1 aparecer.<br \/>\n&#8211; V\u00e1 em P\u00e1ginas, adicione uma nova, d\u00ea um t\u00edtulo e cole o c\u00f3digo curto na caixa a baixo e publique.<br \/>\n&#8211; Em Post, adicione um novo post, digite o nome do seu E-book e cole novamente o c\u00f3digo curto que voc\u00ea tinha copiado,selecione a categoria e publique o post.<\/p>\n<p>8 &#8211; Pronto, \u00e9 s\u00f3 clicar em (Enviar para revis\u00e3o), que faremos uma curadoria\/an\u00e1lise e, em caso de aprova\u00e7\u00e3o, publicaremos seu texto e voc\u00ea receber\u00e1 uma notifica\u00e7\u00e3o por e-mail.<\/p>\n<p>&nbsp;<\/p>\n","protected":false},"excerpt":{"rendered":"<p>Segue o Passo a passo: 1 &#8211; No site do Escrever sem Fronteiras(http:\/\/sescpiaui.com.br\/escreversemfronteiras\/),v\u00e1 na aba (CADASTRO DE USU\u00c1RIOS) e preencha seus dados em CADASTRE-SE. \u00c9 muito importante mant\u00ea-los atualizados. 2 &#8211; Ao realizar seu cadastro, no WordPress v\u00e1 na aba (Perfil) e adicione sua foto e sua biografia. Observa\u00e7\u00e3o : Para adicionar a foto do [&hellip;]<\/p>\n","protected":false},"author":3,"featured_media":1858,"parent":0,"menu_order":0,"comment_status":"closed","ping_status":"closed","template":"","meta":{"footnotes":""},"class_list":["post-1649","page","type-page","status-publish","has-post-thumbnail","hentry"],"_links":{"self":[{"href":"http:\/\/sescpiaui.com.br\/escreversemfronteiras\/index.php\/wp-json\/wp\/v2\/pages\/1649","targetHints":{"allow":["GET"]}}],"collection":[{"href":"http:\/\/sescpiaui.com.br\/escreversemfronteiras\/index.php\/wp-json\/wp\/v2\/pages"}],"about":[{"href":"http:\/\/sescpiaui.com.br\/escreversemfronteiras\/index.php\/wp-json\/wp\/v2\/types\/page"}],"author":[{"embeddable":true,"href":"http:\/\/sescpiaui.com.br\/escreversemfronteiras\/index.php\/wp-json\/wp\/v2\/users\/3"}],"replies":[{"embeddable":true,"href":"http:\/\/sescpiaui.com.br\/escreversemfronteiras\/index.php\/wp-json\/wp\/v2\/comments?post=1649"}],"version-history":[{"count":17,"href":"http:\/\/sescpiaui.com.br\/escreversemfronteiras\/index.php\/wp-json\/wp\/v2\/pages\/1649\/revisions"}],"predecessor-version":[{"id":2446,"href":"http:\/\/sescpiaui.com.br\/escreversemfronteiras\/index.php\/wp-json\/wp\/v2\/pages\/1649\/revisions\/2446"}],"wp:featuredmedia":[{"embeddable":true,"href":"http:\/\/sescpiaui.com.br\/escreversemfronteiras\/index.php\/wp-json\/wp\/v2\/media\/1858"}],"wp:attachment":[{"href":"http:\/\/sescpiaui.com.br\/escreversemfronteiras\/index.php\/wp-json\/wp\/v2\/media?parent=1649"}],"curies":[{"name":"wp","href":"https:\/\/api.w.org\/{rel}","templated":true}]}}